{"id":43,"date":"2020-03-26T17:00:06","date_gmt":"2020-03-26T17:00:06","guid":{"rendered":"http:\/\/leidig24.de\/?page_id=43"},"modified":"2021-06-07T10:16:13","modified_gmt":"2021-06-07T10:16:13","slug":"corona-in-berlin","status":"publish","type":"page","link":"http:\/\/leidig24.de\/?page_id=43","title":{"rendered":"Covid-19"},"content":{"rendered":"\n<p>Die Meldung von Juli 2020: Es geht weiter! CROSSFIT YAY und die NEUE WELT haben wieder ge\u00f6ffnet. Der Pool hat eine neue Decke bekommen, Personal Training ist wieder m\u00f6glich, im Schwimmen seit September. Termine an der frischen Luft, zum Beispiel in der Hasenheide, sind freilich machbar und sehr zu empfehlen. Ausdauertraining ist zur Zeit nicht sinnvoll in kleinen geschlossenen R\u00e4umen, sondern geht am besten drau\u00dfen an der Luft. Die Pandemie ist nicht vor\u00fcber. Bitte halten sie Abst\u00e4nde ein, tragen sie Masken, und folgen sie den Empfehlungen des Berliner Senates und der Bundesregierung.<\/p>\n\n\n\n<p>Die Meldung vom Mai 2020: Im Moment ruhen alle meine Aktivit\u00e4ten als Personal Trainer, meine Klassen im Club Neue Welt sind aufgrund der Clubschlie\u00dfung ebenso abgesagt. Zun\u00e4chst galt das bis zum 19. April 2020, aber nun gilt es bis auf weiteres. Schwimmb\u00e4der werden als letztes wieder aufmachen, und alle Gro\u00dfveranstaltungen sind bis zum 31. August von der Bundesregierung untersagt worden. Haben wir weiterhin Geduld.  Alle Sportlerinnen und Sportler des LEIDIG24 Triathlon Teams reduzieren ihre Kontakte weiterhin, halten Sicherheitsabst\u00e4nde ein, versuchen Haltung und Form zu bewahren und machen immer noch das, was in dieser Situation wohl angemessen ist: Den Empfehlungen unserer Regierung und der sie beratenden Experten zu folgen (vielleicht ist das sogar das erste Mal in der Geschichte, dass wir das tun). Der Anstieg der Ausbreitung l\u00e4sst sich offenbar eind\u00e4mmen, um so schneller k\u00f6nnen wir zu einem Neuanfang zur\u00fcckkehren. Darauf freuen wir uns.  Alles Gute f\u00fcr unser gesamtes Umfeld w\u00fcnscht, wie immer, die Mannschaftsleitung.<\/p>\n","protected":false},"excerpt":{"rendered":"<p>Die Meldung von Juli 2020: Es geht weiter! CROSSFIT YAY und die NEUE WELT haben wieder ge\u00f6ffnet. Der Pool hat eine neue Decke bekommen, Personal Training ist wieder m\u00f6glich, im Schwimmen seit September. Termine an der frischen Luft, zum Beispiel in der Hasenheide, sind freilich machbar und sehr zu empfehlen. Ausdauertraining ist zur Zeit nicht &hellip; <\/p>\n<p class=\"link-more\"><a href=\"http:\/\/leidig24.de\/?page_id=43\" class=\"more-link\"><span class=\"screen-reader-text\">\u201eCovid-19\u201c<\/span> weiterlesen<\/a><\/p>\n","protected":false},"author":1,"featured_media":49,"parent":0,"menu_order":0,"comment_status":"closed","ping_status":"closed","template":"","meta":[],"_links":{"self":[{"href":"http:\/\/leidig24.de\/index.php?rest_route=\/wp\/v2\/pages\/43"}],"collection":[{"href":"http:\/\/leidig24.de\/index.php?rest_route=\/wp\/v2\/pages"}],"about":[{"href":"http:\/\/leidig24.de\/index.php?rest_route=\/wp\/v2\/types\/page"}],"author":[{"embeddable":true,"href":"http:\/\/leidig24.de\/index.php?rest_route=\/wp\/v2\/users\/1"}],"replies":[{"embeddable":true,"href":"http:\/\/leidig24.de\/index.php?rest_route=%2Fwp%2Fv2%2Fcomments&post=43"}],"version-history":[{"count":15,"href":"http:\/\/leidig24.de\/index.php?rest_route=\/wp\/v2\/pages\/43\/revisions"}],"predecessor-version":[{"id":130,"href":"http:\/\/leidig24.de\/index.php?rest_route=\/wp\/v2\/pages\/43\/revisions\/130"}],"wp:featuredmedia":[{"embeddable":true,"href":"http:\/\/leidig24.de\/index.php?rest_route=\/wp\/v2\/media\/49"}],"wp:attachment":[{"href":"http:\/\/leidig24.de\/index.php?rest_route=%2Fwp%2Fv2%2Fmedia&parent=43"}],"curies":[{"name":"wp","href":"https:\/\/api.w.org\/{rel}","templated":true}]}}